{"id":218,"date":"2021-06-23T13:33:50","date_gmt":"2021-06-23T11:33:50","guid":{"rendered":"https:\/\/creative-boutique.eu\/?page_id=218"},"modified":"2025-10-17T19:19:56","modified_gmt":"2025-10-17T17:19:56","slug":"dla-dekoratorow-wnetrz","status":"publish","type":"page","link":"https:\/\/creative-boutique.eu\/en_us\/dla-dekoratorow-wnetrz\/","title":{"rendered":"For interior designers"},"content":{"rendered":"<p>At Creative Boutique, we are happy to work within the interior design industry. We work with quality Italian and Polish upholstery fabrics. Wooden supplies are sourced from small local Polish woodworkers that often only make limited runs of production for us.<\/p>\n\n\n\n<p class=\"has-text-align-center\">We offers bespoke design, handmade unique pieces, custom orders to offer color or size matching. Offering a spectrum of styles, from modern traditional , Scandinavian, Hamptons, refined bohemian to urban country, we may provide solutions for every taste.<\/p>\n\n\n\n<p class=\"has-text-align-center\">Download my catalogue<\/p>\n\n\n\n<div class=\"wp-block-columns is-layout-flex wp-container-core-columns-is-layout-9d6595d7 wp-block-columns-is-layout-flex\">\n<div class=\"wp-block-column is-layout-flow wp-block-column-is-layout-flow\">\n<a class=\"download-catalog\" href=\"https:\/\/creative-boutique.eu\/wp-content\/uploads\/2025\/10\/Creative_Boutique_Home_Catalogue-Fall-Winter-2025-v3.pdf\"><\/i>English<\/a>\n<\/div>\n\n\n\n<div class=\"wp-block-column is-layout-flow wp-block-column-is-layout-flow\">\n<a class=\"download-catalog\" href=\"https:\/\/creative-boutique.eu\/wp-content\/uploads\/2025\/10\/Creative_Boutique_Home_Katalog-2025-v1.pdf\"><\/i>Polski<\/a>\n<\/div>\n<\/div>\n\n\n\n<div class=\"forminator-guttenberg\"><div class=\"forminator-ui forminator-custom-form forminator-custom-form-227 forminator-design--material  forminator_ajax\" data-forminator-render=\"0\" data-form=\"forminator-module-227\" data-uid=\"69eb2cc3d2bc7\"><br\/><\/div><form\n\t\t\t\tid=\"forminator-module-227\"\n\t\t\t\tclass=\"forminator-ui forminator-custom-form forminator-custom-form-227 forminator-design--material  forminator_ajax\"\n\t\t\t\tmethod=\"post\"\n\t\t\t\tdata-forminator-render=\"0\"\n\t\t\t\tdata-form-id=\"227\"\n\t\t\t\t\n\t\t\t\tdata-design=\"material\"\n\t\t\t\tdata-color-option=\"default\"\n\t\t\t\t\n\t\t\t\t\n\t\t\t\t\n\t\t\t\tdata-grid=\"open\"\n\t\t\t\t\n\t\t\t\t\n\t\t\t\tstyle=\"display: none;\"\n\t\t\t\t\n\t\t\t\tdata-uid=\"69eb2cc3d2bc7\" action=\"\"\n\t\t\t><div role=\"alert\" aria-live=\"polite\" class=\"forminator-response-message forminator-error\" aria-hidden=\"true\"><\/div><div class=\"forminator-row\"><div id=\"name-1\" class=\"forminator-field-name forminator-col forminator-col-12\"><div class=\"forminator-field\"><input type=\"text\" name=\"name-1\" value=\"\" placeholder=\"Name\" id=\"forminator-field-name-1_69eb2cc3d2bc7\" class=\"forminator-input forminator-name--field\" aria-required=\"true\" \/><\/div><\/div><\/div><div class=\"forminator-row\"><div id=\"email-1\" class=\"forminator-field-email forminator-col forminator-col-12\"><div class=\"forminator-field\"><input type=\"email\" name=\"email-1\" value=\"\" placeholder=\"Email\" id=\"forminator-field-email-1_69eb2cc3d2bc7\" class=\"forminator-input forminator-email--field\" data-required=\"true\" aria-required=\"true\" \/><\/div><\/div><\/div><div class=\"forminator-row\"><div id=\"textarea-1\" class=\"forminator-field-textarea forminator-col forminator-col-12\"><div class=\"forminator-field\"><label for=\"forminator-field-textarea-1_69eb2cc3d2bc7\" id=\"forminator-field-textarea-1_69eb2cc3d2bc7-label\" class=\"forminator-label\">Message <span class=\"forminator-required\">*<\/span><\/label><textarea name=\"textarea-1\" placeholder=\"Enter your message...\" id=\"forminator-field-textarea-1_69eb2cc3d2bc7\" class=\"forminator-textarea\" rows=\"6\" style=\"min-height:140px;\" maxlength=\"256\" ><\/textarea><span id=\"forminator-field-textarea-1_69eb2cc3d2bc7-description\" class=\"forminator-description\"><span data-limit=\"256\" data-type=\"characters\" data-editor=\"\">0 \/ 256<\/span><\/span><\/div><\/div><\/div><input type=\"hidden\" name=\"referer_url\" value=\"\" \/><div class=\"forminator-row forminator-row-last\"><div class=\"forminator-col\"><div class=\"forminator-field\"><button class=\"forminator-button forminator-button-submit\"><span>Send<\/span><span aria-hidden=\"true\"><\/span><\/button><\/div><\/div><\/div><input type=\"hidden\" id=\"forminator_nonce\" name=\"forminator_nonce\" value=\"bddfd35985\" \/><input type=\"hidden\" name=\"_wp_http_referer\" value=\"\/en_us\/wp-json\/wp\/v2\/pages\/218\" \/><input type=\"hidden\" name=\"form_id\" value=\"227\"><input type=\"hidden\" name=\"page_id\" value=\"218\"><input type=\"hidden\" name=\"form_type\" value=\"default\"><input type=\"hidden\" name=\"current_url\" value=\"https:\/\/creative-boutique.eu\/en_us\/dla-dekoratorow-wnetrz\/\"><input type=\"hidden\" name=\"render_id\" value=\"0\"><input type=\"hidden\" name=\"action\" value=\"forminator_submit_form_custom-forms\"><input type=\"hidden\" name=\"trp-form-language\" value=\"en_us\"\/><\/form><\/div>","protected":false},"excerpt":{"rendered":"<p>W Creative Boutique uwielbiamy pracowa\u0107 z dekoratorami wn\u0119trz. Wykorzystujemy wysokiej jako\u015bci w\u0142oskie i polskie tkaniny tapicerskie. Drewniane elementy, zanim stworzymy&nbsp;[&hellip;]<\/p>","protected":false},"author":2,"featured_media":0,"parent":0,"menu_order":0,"comment_status":"closed","ping_status":"closed","template":"","meta":{"footnotes":""},"class_list":["post-218","page","type-page","status-publish","hentry",""],"yoast_head":"<!-- This site is optimized with the Yoast SEO plugin v26.0 - https:\/\/yoast.com\/wordpress\/plugins\/seo\/ -->\n<title>Dla dekorator\u00f3w wn\u0119trz - Creative Boutique Home<\/title>\n<meta name=\"robots\" content=\"index, follow, max-snippet:-1, max-image-preview:large, max-video-preview:-1\" \/>\n<link rel=\"canonical\" href=\"https:\/\/creative-boutique.eu\/en_us\/dla-dekoratorow-wnetrz\/\" \/>\n<meta property=\"og:locale\" content=\"en_US\" \/>\n<meta property=\"og:type\" content=\"article\" \/>\n<meta property=\"og:title\" content=\"Dla dekorator\u00f3w wn\u0119trz - Creative Boutique Home\" \/>\n<meta property=\"og:description\" content=\"W Creative Boutique uwielbiamy pracowa\u0107 z dekoratorami wn\u0119trz. Wykorzystujemy wysokiej jako\u015bci w\u0142oskie i polskie tkaniny tapicerskie. Drewniane elementy, zanim stworzymy&nbsp;[&hellip;]\" \/>\n<meta property=\"og:url\" content=\"https:\/\/creative-boutique.eu\/en_us\/dla-dekoratorow-wnetrz\/\" \/>\n<meta property=\"og:site_name\" content=\"Creative Boutique Home\" \/>\n<meta property=\"article:modified_time\" content=\"2025-10-17T17:19:56+00:00\" \/>\n<meta name=\"twitter:card\" content=\"summary_large_image\" \/>\n<meta name=\"twitter:label1\" content=\"Est. reading time\" \/>\n\t<meta name=\"twitter:data1\" content=\"1 minute\" \/>\n<script type=\"application\/ld+json\" class=\"yoast-schema-graph\">{\"@context\":\"https:\/\/schema.org\",\"@graph\":[{\"@type\":\"WebPage\",\"@id\":\"https:\/\/creative-boutique.eu\/dla-dekoratorow-wnetrz\/\",\"url\":\"https:\/\/creative-boutique.eu\/dla-dekoratorow-wnetrz\/\",\"name\":\"Dla dekorator\u00f3w wn\u0119trz - Creative Boutique Home\",\"isPartOf\":{\"@id\":\"https:\/\/creative-boutique.eu\/#website\"},\"datePublished\":\"2021-06-23T11:33:50+00:00\",\"dateModified\":\"2025-10-17T17:19:56+00:00\",\"breadcrumb\":{\"@id\":\"https:\/\/creative-boutique.eu\/dla-dekoratorow-wnetrz\/#breadcrumb\"},\"inLanguage\":\"en-US\",\"potentialAction\":[{\"@type\":\"ReadAction\",\"target\":[\"https:\/\/creative-boutique.eu\/dla-dekoratorow-wnetrz\/\"]}]},{\"@type\":\"BreadcrumbList\",\"@id\":\"https:\/\/creative-boutique.eu\/dla-dekoratorow-wnetrz\/#breadcrumb\",\"itemListElement\":[{\"@type\":\"ListItem\",\"position\":1,\"name\":\"Home\",\"item\":\"https:\/\/creative-boutique.eu\/\"},{\"@type\":\"ListItem\",\"position\":2,\"name\":\"Dla dekorator\u00f3w wn\u0119trz\"}]},{\"@type\":\"WebSite\",\"@id\":\"https:\/\/creative-boutique.eu\/#website\",\"url\":\"https:\/\/creative-boutique.eu\/\",\"name\":\"Creative Boutique Home\",\"description\":\"\",\"potentialAction\":[{\"@type\":\"SearchAction\",\"target\":{\"@type\":\"EntryPoint\",\"urlTemplate\":\"https:\/\/creative-boutique.eu\/?s={search_term_string}\"},\"query-input\":{\"@type\":\"PropertyValueSpecification\",\"valueRequired\":true,\"valueName\":\"search_term_string\"}}],\"inLanguage\":\"en-US\"}]}<\/script>\n<!-- \/ Yoast SEO plugin. -->","yoast_head_json":{"title":"Dla dekorator\u00f3w wn\u0119trz - Creative Boutique Home","robots":{"index":"index","follow":"follow","max-snippet":"max-snippet:-1","max-image-preview":"max-image-preview:large","max-video-preview":"max-video-preview:-1"},"canonical":"https:\/\/creative-boutique.eu\/en_us\/dla-dekoratorow-wnetrz\/","og_locale":"en_US","og_type":"article","og_title":"Dla dekorator\u00f3w wn\u0119trz - Creative Boutique Home","og_description":"W Creative Boutique uwielbiamy pracowa\u0107 z dekoratorami wn\u0119trz. Wykorzystujemy wysokiej jako\u015bci w\u0142oskie i polskie tkaniny tapicerskie. Drewniane elementy, zanim stworzymy&nbsp;[&hellip;]","og_url":"https:\/\/creative-boutique.eu\/en_us\/dla-dekoratorow-wnetrz\/","og_site_name":"Creative Boutique Home","article_modified_time":"2025-10-17T17:19:56+00:00","twitter_card":"summary_large_image","twitter_misc":{"Est. reading time":"1 minute"},"schema":{"@context":"https:\/\/schema.org","@graph":[{"@type":"WebPage","@id":"https:\/\/creative-boutique.eu\/dla-dekoratorow-wnetrz\/","url":"https:\/\/creative-boutique.eu\/dla-dekoratorow-wnetrz\/","name":"Dla dekorator\u00f3w wn\u0119trz - Creative Boutique Home","isPartOf":{"@id":"https:\/\/creative-boutique.eu\/#website"},"datePublished":"2021-06-23T11:33:50+00:00","dateModified":"2025-10-17T17:19:56+00:00","breadcrumb":{"@id":"https:\/\/creative-boutique.eu\/dla-dekoratorow-wnetrz\/#breadcrumb"},"inLanguage":"en-US","potentialAction":[{"@type":"ReadAction","target":["https:\/\/creative-boutique.eu\/dla-dekoratorow-wnetrz\/"]}]},{"@type":"BreadcrumbList","@id":"https:\/\/creative-boutique.eu\/dla-dekoratorow-wnetrz\/#breadcrumb","itemListElement":[{"@type":"ListItem","position":1,"name":"Home","item":"https:\/\/creative-boutique.eu\/"},{"@type":"ListItem","position":2,"name":"Dla dekorator\u00f3w wn\u0119trz"}]},{"@type":"WebSite","@id":"https:\/\/creative-boutique.eu\/#website","url":"https:\/\/creative-boutique.eu\/","name":"Creative Boutique Home","description":"","potentialAction":[{"@type":"SearchAction","target":{"@type":"EntryPoint","urlTemplate":"https:\/\/creative-boutique.eu\/?s={search_term_string}"},"query-input":{"@type":"PropertyValueSpecification","valueRequired":true,"valueName":"search_term_string"}}],"inLanguage":"en-US"}]}},"_links":{"self":[{"href":"https:\/\/creative-boutique.eu\/en_us\/wp-json\/wp\/v2\/pages\/218","targetHints":{"allow":["GET"]}}],"collection":[{"href":"https:\/\/creative-boutique.eu\/en_us\/wp-json\/wp\/v2\/pages"}],"about":[{"href":"https:\/\/creative-boutique.eu\/en_us\/wp-json\/wp\/v2\/types\/page"}],"author":[{"embeddable":true,"href":"https:\/\/creative-boutique.eu\/en_us\/wp-json\/wp\/v2\/users\/2"}],"replies":[{"embeddable":true,"href":"https:\/\/creative-boutique.eu\/en_us\/wp-json\/wp\/v2\/comments?post=218"}],"version-history":[{"count":9,"href":"https:\/\/creative-boutique.eu\/en_us\/wp-json\/wp\/v2\/pages\/218\/revisions"}],"predecessor-version":[{"id":772,"href":"https:\/\/creative-boutique.eu\/en_us\/wp-json\/wp\/v2\/pages\/218\/revisions\/772"}],"wp:attachment":[{"href":"https:\/\/creative-boutique.eu\/en_us\/wp-json\/wp\/v2\/media?parent=218"}],"curies":[{"name":"wp","href":"https:\/\/api.w.org\/{rel}","templated":true}]}}